{"id":217,"date":"2024-04-17T13:55:40","date_gmt":"2024-04-17T17:55:40","guid":{"rendered":"https:\/\/fitzelectrique.com\/?page_id=217"},"modified":"2024-04-17T13:56:26","modified_gmt":"2024-04-17T17:56:26","slug":"politique-de-confidentialite","status":"publish","type":"page","link":"https:\/\/fitzelectrique.com\/index.php\/politique-de-confidentialite\/","title":{"rendered":"Politique de Confidentialit\u00e9"},"content":{"rendered":"\t\t<div data-elementor-type=\"wp-page\" data-elementor-id=\"217\" class=\"elementor elementor-217\" data-elementor-post-type=\"page\">\n\t\t\t\t<div class=\"elementor-element elementor-element-5ef2a27 e-flex e-con-boxed e-con e-parent\" data-id=\"5ef2a27\" data-element_type=\"container\" data-e-type=\"container\">\n\t\t\t\t\t<div class=\"e-con-inner\">\n\t\t\t\t<div class=\"elementor-element elementor-element-e443c76 elementor-widget elementor-widget-heading\" data-id=\"e443c76\" data-element_type=\"widget\" data-e-type=\"widget\" data-widget_type=\"heading.default\">\n\t\t\t\t<div class=\"elementor-widget-container\">\n\t\t\t\t\t<h2 class=\"elementor-heading-title elementor-size-default\">Politique de Confidentialit\u00e9<\/h2>\t\t\t\t<\/div>\n\t\t\t\t<\/div>\n\t\t\t\t\t<\/div>\n\t\t\t\t<\/div>\n\t\t<div class=\"elementor-element elementor-element-3b91f22 e-flex e-con-boxed e-con e-parent\" data-id=\"3b91f22\" data-element_type=\"container\" data-e-type=\"container\">\n\t\t\t\t\t<div class=\"e-con-inner\">\n\t\t\t\t<div class=\"elementor-element elementor-element-c7c67a5 elementor-widget elementor-widget-text-editor\" data-id=\"c7c67a5\" data-element_type=\"widget\" data-e-type=\"widget\" data-widget_type=\"text-editor.default\">\n\t\t\t\t<div class=\"elementor-widget-container\">\n\t\t\t\t\t\t\t\t\t<p><strong>1. Introduction<\/strong> Chez Fitz \u00c9lectrique, nous nous engageons \u00e0 prot\u00e9ger la confidentialit\u00e9 et la s\u00e9curit\u00e9 des informations personnelles de nos clients. Cette politique d\u00e9crit les types d&rsquo;informations que nous pouvons collecter aupr\u00e8s de vous ou que vous pouvez fournir lorsque vous visitez notre site web, et nos pratiques pour collecter, utiliser, maintenir, prot\u00e9ger et divulguer ces informations.<\/p><p><strong>2. Collecte d&rsquo;Informations<\/strong> Nous collectons plusieurs types d&rsquo;informations sur les utilisateurs de notre site, notamment :<\/p><ul><li>Informations que vous fournissez en remplissant des formulaires sur notre site. Cela inclut les informations fournies au moment de l&rsquo;inscription pour utiliser notre site, s&rsquo;abonner \u00e0 notre service, poster du mat\u00e9riel ou demander des services suppl\u00e9mentaires.<\/li><li>Informations que vous fournissez lorsque vous signalez un probl\u00e8me avec notre site.<\/li><li>D\u00e9tails des transactions que vous effectuez sur notre site et de l&rsquo;ex\u00e9cution de vos commandes.<\/li><\/ul><p><strong>3. Utilisation des Informations<\/strong> Les informations que nous collectons sur notre site sont utilis\u00e9es pour :<\/p><ul><li>Vous fournir les informations, produits ou services que vous nous demandez.<\/li><li>Vous proposer un service client\u00e8le de qualit\u00e9 et r\u00e9pondre \u00e0 vos besoins.<\/li><li>Vous informer des modifications apport\u00e9es \u00e0 nos services.<\/li><\/ul><p><strong>4. Divulgation des Informations<\/strong> Nous ne vendons, ne louons ni ne partageons vos informations personnelles avec des tiers, sauf dans les cas suivants :<\/p><ul><li>Pour se conformer \u00e0 la loi, r\u00e9pondre \u00e0 des convocations judiciaires, des mandats de perquisition ou d&rsquo;autres demandes l\u00e9gales pour les informations que nous recevons.<\/li><li>Pour prot\u00e9ger les droits, la propri\u00e9t\u00e9 ou la s\u00e9curit\u00e9 de Fitz \u00c9lectrique, nos clients ou autres.<\/li><\/ul><p><strong>5. S\u00e9curit\u00e9 des Donn\u00e9es<\/strong> Nous avons mis en place des mesures destin\u00e9es \u00e0 s\u00e9curiser vos informations personnelles contre l&rsquo;acc\u00e8s accidentel ou ill\u00e9gal, la perte, l&rsquo;alt\u00e9ration, la divulgation ou l&rsquo;utilisation non autoris\u00e9e. Bien que nous fassions tout notre possible pour prot\u00e9ger vos informations personnelles, la transmission d&rsquo;informations via Internet n&rsquo;est pas totalement s\u00e9curis\u00e9e. Nous ne pouvons donc pas garantir la s\u00e9curit\u00e9 de vos informations transmises \u00e0 notre site; toute transmission est \u00e0 vos propres risques.<\/p><p><strong>6. Acc\u00e8s et Correction<\/strong> Vous pouvez nous contacter pour demander l&rsquo;acc\u00e8s, la correction ou la suppression de toute information personnelle que vous avez fournie. Nous nous r\u00e9servons le droit de refuser de traiter des demandes qui sont r\u00e9p\u00e9titives, n\u00e9cessitent des efforts techniques disproportionn\u00e9s, compromettent la confidentialit\u00e9 d&rsquo;autrui, ou sont extr\u00eamement impraticables.<\/p><p><strong>7. Contact<\/strong> Pour toute question concernant cette politique ou nos pratiques de confidentialit\u00e9, vous pouvez nous contacter par [ins\u00e9rez ici les coordonn\u00e9es].<\/p><p>Cette politique peut \u00eatre mise \u00e0 jour p\u00e9riodiquement pour refl\u00e9ter les changements dans nos pratiques concernant les informations personnelles. Nous vous notifierons de tout changement significatif en publiant la nouvelle politique sur notre site Internet.<\/p>\t\t\t\t\t\t\t\t<\/div>\n\t\t\t\t<\/div>\n\t\t\t\t\t<\/div>\n\t\t\t\t<\/div>\n\t\t\t\t<\/div>\n\t\t","protected":false},"excerpt":{"rendered":"<p>Politique de Confidentialit\u00e9 1. Introduction Chez Fitz \u00c9lectrique, nous nous engageons \u00e0 prot\u00e9ger la confidentialit\u00e9 et la s\u00e9curit\u00e9 des informations personnelles de nos clients. Cette politique d\u00e9crit les types d&rsquo;informations que nous pouvons collecter aupr\u00e8s de vous ou que vous pouvez fournir lorsque vous visitez notre site web, et nos pratiques pour collecter, utiliser, maintenir, [&hellip;]<\/p>\n","protected":false},"author":1,"featured_media":0,"parent":0,"menu_order":0,"comment_status":"closed","ping_status":"closed","template":"","meta":{"om_disable_all_campaigns":false,"_monsterinsights_skip_tracking":false,"_monsterinsights_sitenote_active":false,"_monsterinsights_sitenote_note":"","_monsterinsights_sitenote_category":0,"footnotes":""},"class_list":["post-217","page","type-page","status-publish","hentry","entry"],"aioseo_notices":[],"_links":{"self":[{"href":"https:\/\/fitzelectrique.com\/index.php\/wp-json\/wp\/v2\/pages\/217","targetHints":{"allow":["GET"]}}],"collection":[{"href":"https:\/\/fitzelectrique.com\/index.php\/wp-json\/wp\/v2\/pages"}],"about":[{"href":"https:\/\/fitzelectrique.com\/index.php\/wp-json\/wp\/v2\/types\/page"}],"author":[{"embeddable":true,"href":"https:\/\/fitzelectrique.com\/index.php\/wp-json\/wp\/v2\/users\/1"}],"replies":[{"embeddable":true,"href":"https:\/\/fitzelectrique.com\/index.php\/wp-json\/wp\/v2\/comments?post=217"}],"version-history":[{"count":4,"href":"https:\/\/fitzelectrique.com\/index.php\/wp-json\/wp\/v2\/pages\/217\/revisions"}],"predecessor-version":[{"id":221,"href":"https:\/\/fitzelectrique.com\/index.php\/wp-json\/wp\/v2\/pages\/217\/revisions\/221"}],"wp:attachment":[{"href":"https:\/\/fitzelectrique.com\/index.php\/wp-json\/wp\/v2\/media?parent=217"}],"curies":[{"name":"wp","href":"https:\/\/api.w.org\/{rel}","templated":true}]}}