{"id":208,"date":"2024-04-17T13:52:11","date_gmt":"2024-04-17T17:52:11","guid":{"rendered":"https:\/\/fitzelectrique.com\/?page_id=208"},"modified":"2024-04-17T13:53:32","modified_gmt":"2024-04-17T17:53:32","slug":"termes-et-conditions","status":"publish","type":"page","link":"https:\/\/fitzelectrique.com\/index.php\/termes-et-conditions\/","title":{"rendered":"Termes et Conditions"},"content":{"rendered":"\t\t<div data-elementor-type=\"wp-page\" data-elementor-id=\"208\" class=\"elementor elementor-208\" data-elementor-post-type=\"page\">\n\t\t\t\t<div class=\"elementor-element elementor-element-7913cca e-flex e-con-boxed e-con e-parent\" data-id=\"7913cca\" data-element_type=\"container\" data-e-type=\"container\">\n\t\t\t\t\t<div class=\"e-con-inner\">\n\t\t\t\t<div class=\"elementor-element elementor-element-b86ebfc elementor-widget elementor-widget-heading\" data-id=\"b86ebfc\" data-element_type=\"widget\" data-e-type=\"widget\" data-widget_type=\"heading.default\">\n\t\t\t\t<div class=\"elementor-widget-container\">\n\t\t\t\t\t<h2 class=\"elementor-heading-title elementor-size-default\">Termes et Conditions pour Fitz \u00c9lectrique<\/h2>\t\t\t\t<\/div>\n\t\t\t\t<\/div>\n\t\t\t\t<div class=\"elementor-element elementor-element-5bd7553 elementor-widget elementor-widget-text-editor\" data-id=\"5bd7553\" data-element_type=\"widget\" data-e-type=\"widget\" data-widget_type=\"text-editor.default\">\n\t\t\t\t<div class=\"elementor-widget-container\">\n\t\t\t\t\t\t\t\t\t<p><strong>1. Acceptation des Termes<\/strong> En acc\u00e9dant et en utilisant le site web de Fitz \u00c9lectrique, vous acceptez d&rsquo;\u00eatre li\u00e9 par ces termes et conditions, toutes les lois et r\u00e8glements applicables, et convenez que vous \u00eates responsable de la conformit\u00e9 avec les lois locales applicables. Si vous n&rsquo;\u00eates pas d&rsquo;accord avec l&rsquo;un de ces termes, vous \u00eates interdit d&rsquo;utiliser ou d&rsquo;acc\u00e9der \u00e0 ce site.<\/p><p><strong>2. Utilisation de la Licence<\/strong><\/p><ul><li>Permission est accord\u00e9e de t\u00e9l\u00e9charger temporairement une copie des mat\u00e9riaux (information ou logiciel) sur le site web de Fitz \u00c9lectrique pour un visionnement transitoire personnel et non commercial seulement. C&rsquo;est l&rsquo;octroi d&rsquo;une licence, pas un transfert de titre, et sous cette licence, vous ne pouvez pas :<ul><li>modifier ou copier les mat\u00e9riaux ;<\/li><li>utiliser les mat\u00e9riaux \u00e0 des fins commerciales, ou pour toute exposition publique (commerciale ou non commerciale) ;<\/li><li>tenter de d\u00e9compiler ou de reverse engineer tout logiciel contenu sur le site web de Fitz \u00c9lectrique ;<\/li><li>retirer tout droit d&rsquo;auteur ou autres notations de propri\u00e9t\u00e9 des mat\u00e9riaux ;<\/li><li>transf\u00e9rer les mat\u00e9riaux \u00e0 une autre personne ou \u00ab\u00a0miroir\u00a0\u00bb les mat\u00e9riaux sur un autre serveur.<\/li><\/ul><\/li><li>Cette licence sera automatiquement r\u00e9sili\u00e9e si vous violez l&rsquo;une de ces restrictions et peut \u00eatre r\u00e9sili\u00e9e par Fitz \u00c9lectrique \u00e0 tout moment. \u00c0 la fin de votre visionnement de ces mat\u00e9riaux ou \u00e0 la fin de cette licence, vous devez d\u00e9truire tous les mat\u00e9riaux t\u00e9l\u00e9charg\u00e9s en votre possession, qu&rsquo;ils soient en format \u00e9lectronique ou imprim\u00e9.<\/li><\/ul><p><strong>3. Avertissement<\/strong> Les mat\u00e9riaux sur le site web de Fitz \u00c9lectrique sont fournis \u00ab\u00a0tels quels\u00a0\u00bb. Fitz \u00c9lectrique ne fait aucune garantie, exprim\u00e9e ou implicite, et d\u00e9cline par la pr\u00e9sente et annule toutes les autres garanties, y compris sans limitation, les garanties implicites ou les conditions de commercialisation, d&rsquo;ad\u00e9quation \u00e0 un usage particulier, ou de non-violation des droits de propri\u00e9t\u00e9 intellectuelle ou d&rsquo;autres violations des droits.<\/p><p><strong>4. Limitations<\/strong> En aucun cas, Fitz \u00c9lectrique ou ses fournisseurs ne seront responsables des dommages (y compris, sans limitation, les dommages pour perte de donn\u00e9es ou de profit, ou en raison d&rsquo;une interruption d&rsquo;activit\u00e9) d\u00e9coulant de l&rsquo;utilisation ou de l&rsquo;incapacit\u00e9 \u00e0 utiliser les mat\u00e9riaux sur le site web de Fitz \u00c9lectrique, m\u00eame si Fitz \u00c9lectrique ou un repr\u00e9sentant autoris\u00e9 de Fitz \u00c9lectrique a \u00e9t\u00e9 notifi\u00e9 oralement ou par \u00e9crit de la possibilit\u00e9 de tels dommages.<\/p><p><strong>5. R\u00e9visions et Errata<\/strong> Les mat\u00e9riaux apparaissant sur le site web de Fitz \u00c9lectrique pourraient inclure des erreurs techniques, typographiques ou photographiques. Fitz \u00c9lectrique ne garantit pas que les mat\u00e9riaux sur son site web sont exacts, complets ou \u00e0 jour. Fitz \u00c9lectrique peut apporter des changements aux mat\u00e9riaux contenus sur son site web \u00e0 tout moment sans pr\u00e9avis. Cependant, Fitz \u00c9lectrique ne s&rsquo;engage pas \u00e0 mettre \u00e0 jour les mat\u00e9riaux.<\/p><p><strong>6. Liens<\/strong> Fitz \u00c9lectrique n&rsquo;a pas examin\u00e9 tous les sites li\u00e9s \u00e0 son site Internet et n&rsquo;est pas responsable du contenu de tels sites li\u00e9s. L&rsquo;inclusion de tout lien n&rsquo;implique pas l&rsquo;approbation par Fitz \u00c9lectrique du site. L&rsquo;utilisation de tout site web li\u00e9 est aux risques et p\u00e9rils de l&rsquo;utilisateur.<\/p><p><strong>7. Modifications des Termes d&rsquo;Utilisation<\/strong> Fitz \u00c9lectrique peut r\u00e9viser ces termes d&rsquo;utilisation pour son site web \u00e0 tout moment sans pr\u00e9avis. En utilisant ce site web, vous acceptez d&rsquo;\u00eatre li\u00e9 par la version actuelle de ces Termes et Conditions d&rsquo;utilisation.<\/p><p><strong>8. Loi Gouvernementale<\/strong> Tout litige relatif au site web de Fitz \u00c9lectrique sera r\u00e9gi par les lois du pays de Fitz \u00c9lectrique sans \u00e9gard \u00e0 son conflit de dispositions l\u00e9gales.<\/p>\t\t\t\t\t\t\t\t<\/div>\n\t\t\t\t<\/div>\n\t\t\t\t\t<\/div>\n\t\t\t\t<\/div>\n\t\t\t\t<\/div>\n\t\t","protected":false},"excerpt":{"rendered":"<p>Termes et Conditions pour Fitz \u00c9lectrique 1. Acceptation des Termes En acc\u00e9dant et en utilisant le site web de Fitz \u00c9lectrique, vous acceptez d&rsquo;\u00eatre li\u00e9 par ces termes et conditions, toutes les lois et r\u00e8glements applicables, et convenez que vous \u00eates responsable de la conformit\u00e9 avec les lois locales applicables. Si vous n&rsquo;\u00eates pas d&rsquo;accord [&hellip;]<\/p>\n","protected":false},"author":1,"featured_media":0,"parent":0,"menu_order":0,"comment_status":"closed","ping_status":"closed","template":"","meta":{"om_disable_all_campaigns":false,"_monsterinsights_skip_tracking":false,"_monsterinsights_sitenote_active":false,"_monsterinsights_sitenote_note":"","_monsterinsights_sitenote_category":0,"footnotes":""},"class_list":["post-208","page","type-page","status-publish","hentry","entry"],"aioseo_notices":[],"_links":{"self":[{"href":"https:\/\/fitzelectrique.com\/index.php\/wp-json\/wp\/v2\/pages\/208","targetHints":{"allow":["GET"]}}],"collection":[{"href":"https:\/\/fitzelectrique.com\/index.php\/wp-json\/wp\/v2\/pages"}],"about":[{"href":"https:\/\/fitzelectrique.com\/index.php\/wp-json\/wp\/v2\/types\/page"}],"author":[{"embeddable":true,"href":"https:\/\/fitzelectrique.com\/index.php\/wp-json\/wp\/v2\/users\/1"}],"replies":[{"embeddable":true,"href":"https:\/\/fitzelectrique.com\/index.php\/wp-json\/wp\/v2\/comments?post=208"}],"version-history":[{"count":7,"href":"https:\/\/fitzelectrique.com\/index.php\/wp-json\/wp\/v2\/pages\/208\/revisions"}],"predecessor-version":[{"id":215,"href":"https:\/\/fitzelectrique.com\/index.php\/wp-json\/wp\/v2\/pages\/208\/revisions\/215"}],"wp:attachment":[{"href":"https:\/\/fitzelectrique.com\/index.php\/wp-json\/wp\/v2\/media?parent=208"}],"curies":[{"name":"wp","href":"https:\/\/api.w.org\/{rel}","templated":true}]}}