{"id":17,"date":"2024-04-04T14:25:44","date_gmt":"2024-04-04T18:25:44","guid":{"rendered":"https:\/\/fitzelectrique.com\/?page_id=17"},"modified":"2024-04-24T10:08:43","modified_gmt":"2024-04-24T14:08:43","slug":"accueil","status":"publish","type":"page","link":"https:\/\/fitzelectrique.com\/","title":{"rendered":"Accueil"},"content":{"rendered":"\t\t<div data-elementor-type=\"wp-page\" data-elementor-id=\"17\" class=\"elementor elementor-17\" data-elementor-post-type=\"page\">\n\t\t\t\t<div class=\"elementor-element elementor-element-2b84755 e-con-full e-flex e-con e-parent\" data-id=\"2b84755\" data-element_type=\"container\" data-e-type=\"container\" data-settings=\"{&quot;background_background&quot;:&quot;classic&quot;}\">\n\t\t\t\t<div class=\"elementor-element elementor-element-2b26363 elementor-widget elementor-widget-spacer\" data-id=\"2b26363\" data-element_type=\"widget\" data-e-type=\"widget\" data-widget_type=\"spacer.default\">\n\t\t\t\t<div class=\"elementor-widget-container\">\n\t\t\t\t\t\t\t<div class=\"elementor-spacer\">\n\t\t\t<div class=\"elementor-spacer-inner\"><\/div>\n\t\t<\/div>\n\t\t\t\t\t\t<\/div>\n\t\t\t\t<\/div>\n\t\t\t\t<div class=\"elementor-element elementor-element-761afa9 elementor-widget__width-auto elementor-invisible elementor-widget elementor-widget-heading\" data-id=\"761afa9\" data-element_type=\"widget\" data-e-type=\"widget\" data-settings=\"{&quot;_animation&quot;:&quot;fadeIn&quot;}\" data-widget_type=\"heading.default\">\n\t\t\t\t<div class=\"elementor-widget-container\">\n\t\t\t\t\t<h2 class=\"elementor-heading-title elementor-size-default\">Service \u00c9lectrique <\/h2>\t\t\t\t<\/div>\n\t\t\t\t<\/div>\n\t\t\t\t<div class=\"elementor-element elementor-element-121b745 elementor-invisible elementor-widget elementor-widget-heading\" data-id=\"121b745\" data-element_type=\"widget\" data-e-type=\"widget\" data-settings=\"{&quot;_animation&quot;:&quot;fadeIn&quot;}\" data-widget_type=\"heading.default\">\n\t\t\t\t<div class=\"elementor-widget-container\">\n\t\t\t\t\t<h2 class=\"elementor-heading-title elementor-size-default\">Transformer l'\u00c9nergie en Excellence avec Fitz \u00c9lectrique\u200b<\/h2>\t\t\t\t<\/div>\n\t\t\t\t<\/div>\n\t\t\t\t<div class=\"elementor-element elementor-element-ae3c471 elementor-widget-divider--view-line elementor-invisible elementor-widget elementor-widget-divider\" data-id=\"ae3c471\" data-element_type=\"widget\" data-e-type=\"widget\" data-settings=\"{&quot;_animation&quot;:&quot;fadeIn&quot;}\" data-widget_type=\"divider.default\">\n\t\t\t\t<div class=\"elementor-widget-container\">\n\t\t\t\t\t\t\t<div class=\"elementor-divider\">\n\t\t\t<span class=\"elementor-divider-separator\">\n\t\t\t\t\t\t<\/span>\n\t\t<\/div>\n\t\t\t\t\t\t<\/div>\n\t\t\t\t<\/div>\n\t\t\t\t<div class=\"elementor-element elementor-element-2fb94d3 elementor-invisible elementor-widget elementor-widget-heading\" data-id=\"2fb94d3\" data-element_type=\"widget\" data-e-type=\"widget\" data-settings=\"{&quot;_animation&quot;:&quot;fadeIn&quot;}\" data-widget_type=\"heading.default\">\n\t\t\t\t<div class=\"elementor-widget-container\">\n\t\t\t\t\t<h2 class=\"elementor-heading-title elementor-size-default\">Optimisez vos infrastructures avec Fitz \u00c9lectrique : expertise et solutions durables.<\/h2>\t\t\t\t<\/div>\n\t\t\t\t<\/div>\n\t\t\t\t<div class=\"elementor-element elementor-element-ed55208 elementor-widget elementor-widget-spacer\" data-id=\"ed55208\" data-element_type=\"widget\" data-e-type=\"widget\" data-widget_type=\"spacer.default\">\n\t\t\t\t<div class=\"elementor-widget-container\">\n\t\t\t\t\t\t\t<div class=\"elementor-spacer\">\n\t\t\t<div class=\"elementor-spacer-inner\"><\/div>\n\t\t<\/div>\n\t\t\t\t\t\t<\/div>\n\t\t\t\t<\/div>\n\t\t\t\t<div class=\"elementor-element elementor-element-8d21299 elementor-align-center elementor-invisible elementor-widget elementor-widget-button\" data-id=\"8d21299\" data-element_type=\"widget\" data-e-type=\"widget\" data-settings=\"{&quot;_animation&quot;:&quot;fadeIn&quot;}\" data-widget_type=\"button.default\">\n\t\t\t\t<div class=\"elementor-widget-container\">\n\t\t\t\t\t\t\t\t\t<div class=\"elementor-button-wrapper\">\n\t\t\t\t\t<a class=\"elementor-button elementor-button-link elementor-size-sm\" href=\"http:\/\/info@fitzelectrique.com\">\n\t\t\t\t\t\t<span class=\"elementor-button-content-wrapper\">\n\t\t\t\t\t\t\t\t\t<span class=\"elementor-button-text\">Contactez-Nous<\/span>\n\t\t\t\t\t<\/span>\n\t\t\t\t\t<\/a>\n\t\t\t\t<\/div>\n\t\t\t\t\t\t\t\t<\/div>\n\t\t\t\t<\/div>\n\t\t\t\t<\/div>\n\t\t<div class=\"elementor-element elementor-element-869bcb1 e-grid e-con-boxed elementor-invisible e-con e-parent\" data-id=\"869bcb1\" data-element_type=\"container\" data-e-type=\"container\" data-settings=\"{&quot;animation&quot;:&quot;fadeInUp&quot;}\">\n\t\t\t\t\t<div class=\"e-con-inner\">\n\t\t\t\t<div class=\"elementor-element elementor-element-b8a62ba elementor-position-top elementor-widget elementor-widget-image-box\" data-id=\"b8a62ba\" data-element_type=\"widget\" data-e-type=\"widget\" data-widget_type=\"image-box.default\">\n\t\t\t\t<div class=\"elementor-widget-container\">\n\t\t\t\t\t<div class=\"elementor-image-box-wrapper\"><figure class=\"elementor-image-box-img\"><img fetchpriority=\"high\" decoding=\"async\" width=\"512\" height=\"512\" src=\"https:\/\/fitzelectrique.com\/wp-content\/uploads\/2024\/04\/infrastructure.png\" class=\"attachment-full size-full wp-image-75\" alt=\"\" srcset=\"https:\/\/fitzelectrique.com\/wp-content\/uploads\/2024\/04\/infrastructure.png 512w, https:\/\/fitzelectrique.com\/wp-content\/uploads\/2024\/04\/infrastructure-300x300.png 300w, https:\/\/fitzelectrique.com\/wp-content\/uploads\/2024\/04\/infrastructure-150x150.png 150w\" sizes=\"(max-width: 512px) 100vw, 512px\" \/><\/figure><div class=\"elementor-image-box-content\"><h3 class=\"elementor-image-box-title\">Service Industriel<\/h3><p class=\"elementor-image-box-description\">Fiabilit\u00e9 et Innovation pour l'Industrie\n\nGarantissez la s\u00e9curit\u00e9 et l'efficacit\u00e9 de vos op\u00e9rations avec nos services de maintenance pr\u00e9ventive et installations neuves, soutenus par des analyses pr\u00e9cises.<\/p><\/div><\/div>\t\t\t\t<\/div>\n\t\t\t\t<\/div>\n\t\t\t\t<div class=\"elementor-element elementor-element-4014139 elementor-position-top elementor-widget elementor-widget-image-box\" data-id=\"4014139\" data-element_type=\"widget\" data-e-type=\"widget\" data-widget_type=\"image-box.default\">\n\t\t\t\t<div class=\"elementor-widget-container\">\n\t\t\t\t\t<div class=\"elementor-image-box-wrapper\"><figure class=\"elementor-image-box-img\"><img decoding=\"async\" width=\"512\" height=\"512\" src=\"https:\/\/fitzelectrique.com\/wp-content\/uploads\/2024\/04\/commercial.png\" class=\"attachment-full size-full wp-image-76\" alt=\"\" srcset=\"https:\/\/fitzelectrique.com\/wp-content\/uploads\/2024\/04\/commercial.png 512w, https:\/\/fitzelectrique.com\/wp-content\/uploads\/2024\/04\/commercial-300x300.png 300w, https:\/\/fitzelectrique.com\/wp-content\/uploads\/2024\/04\/commercial-150x150.png 150w\" sizes=\"(max-width: 512px) 100vw, 512px\" \/><\/figure><div class=\"elementor-image-box-content\"><h3 class=\"elementor-image-box-title\">Commercial<\/h3><p class=\"elementor-image-box-description\">Expertise \u00c9lectrique Commerciale\n\nAm\u00e9liorez votre activit\u00e9 commerciale avec nos installations \u00e9lectriques modernes, augmentez votre rendement gr\u00e2ce \u00e0 l'automatisation et b\u00e9n\u00e9ficiez de solutions personnalis\u00e9es pour tous vos besoins \u00e9lectriques.<\/p><\/div><\/div>\t\t\t\t<\/div>\n\t\t\t\t<\/div>\n\t\t\t\t<div class=\"elementor-element elementor-element-a26092a elementor-position-top elementor-widget elementor-widget-image-box\" data-id=\"a26092a\" data-element_type=\"widget\" data-e-type=\"widget\" data-widget_type=\"image-box.default\">\n\t\t\t\t<div class=\"elementor-widget-container\">\n\t\t\t\t\t<div class=\"elementor-image-box-wrapper\"><figure class=\"elementor-image-box-img\"><img decoding=\"async\" width=\"512\" height=\"512\" src=\"https:\/\/fitzelectrique.com\/wp-content\/uploads\/2024\/04\/barn.png\" class=\"attachment-full size-full wp-image-77\" alt=\"\" srcset=\"https:\/\/fitzelectrique.com\/wp-content\/uploads\/2024\/04\/barn.png 512w, https:\/\/fitzelectrique.com\/wp-content\/uploads\/2024\/04\/barn-300x300.png 300w, https:\/\/fitzelectrique.com\/wp-content\/uploads\/2024\/04\/barn-150x150.png 150w\" sizes=\"(max-width: 512px) 100vw, 512px\" \/><\/figure><div class=\"elementor-image-box-content\"><h3 class=\"elementor-image-box-title\">Agricole<\/h3><p class=\"elementor-image-box-description\">Solutions \u00c9lectriques pour l'Agriculture\n\nOptimisez votre exploitation agricole avec nos services \u00e9lectriques sp\u00e9cialis\u00e9s, assurant durabilit\u00e9 et efficacit\u00e9 \u00e9nerg\u00e9tique. Profitez de nos inspections thermiques pr\u00e9ventives pour \u00e9viter les risques d'incendie, b\u00e9n\u00e9ficiez de notre expertise en entretien g\u00e9n\u00e9ral hydraulique et \u00e9lectrique, et de nos installations neuves adapt\u00e9es \u00e0 vos besoins.<\/p><\/div><\/div>\t\t\t\t<\/div>\n\t\t\t\t<\/div>\n\t\t\t\t<div class=\"elementor-element elementor-element-a902788 elementor-position-top elementor-widget elementor-widget-image-box\" data-id=\"a902788\" data-element_type=\"widget\" data-e-type=\"widget\" data-widget_type=\"image-box.default\">\n\t\t\t\t<div class=\"elementor-widget-container\">\n\t\t\t\t\t<div class=\"elementor-image-box-wrapper\"><figure class=\"elementor-image-box-img\"><img loading=\"lazy\" decoding=\"async\" width=\"512\" height=\"512\" src=\"https:\/\/fitzelectrique.com\/wp-content\/uploads\/2024\/04\/building.png\" class=\"attachment-full size-full wp-image-78\" alt=\"\" srcset=\"https:\/\/fitzelectrique.com\/wp-content\/uploads\/2024\/04\/building.png 512w, https:\/\/fitzelectrique.com\/wp-content\/uploads\/2024\/04\/building-300x300.png 300w, https:\/\/fitzelectrique.com\/wp-content\/uploads\/2024\/04\/building-150x150.png 150w\" sizes=\"(max-width: 512px) 100vw, 512px\" \/><\/figure><div class=\"elementor-image-box-content\"><h3 class=\"elementor-image-box-title\">Residendiel<\/h3><p class=\"elementor-image-box-description\">Confort et S\u00e9curit\u00e9 \u00e0 la Maison\n\n\u00c9quipez votre domicile avec des installations \u00e9lectriques fiables et s\u00e9curis\u00e9es. Optimisez votre confort quotidien gr\u00e2ce \u00e0 l'automatisation, installez des bornes de recharge \u00e9lectrique, et b\u00e9n\u00e9ficiez de solutions sur mesure pour vos espaces ext\u00e9rieurs, piscines, spas, et syst\u00e8mes de chauffage.<\/p><\/div><\/div>\t\t\t\t<\/div>\n\t\t\t\t<\/div>\n\t\t\t\t\t<\/div>\n\t\t\t\t<\/div>\n\t\t<div class=\"elementor-element elementor-element-4a3831b e-flex e-con-boxed e-con e-parent\" data-id=\"4a3831b\" data-element_type=\"container\" data-e-type=\"container\">\n\t\t\t\t\t<div class=\"e-con-inner\">\n\t\t<div class=\"elementor-element elementor-element-36fb03c e-con-full e-flex e-con e-child\" data-id=\"36fb03c\" data-element_type=\"container\" data-e-type=\"container\">\n\t\t\t\t<div class=\"elementor-element elementor-element-a4afb34 elementor-widget elementor-widget-image\" data-id=\"a4afb34\" data-element_type=\"widget\" data-e-type=\"widget\" data-widget_type=\"image.default\">\n\t\t\t\t<div class=\"elementor-widget-container\">\n\t\t\t\t\t\t\t\t\t\t\t\t\t\t\t<img loading=\"lazy\" decoding=\"async\" width=\"1024\" height=\"1024\" src=\"https:\/\/fitzelectrique.com\/wp-content\/uploads\/2024\/04\/fitz001_photo_realiste_Une_Image_de_Technologie_Moderne__Une_ph_e7b8db11-6688-47b1-b698-52ac68652d33.png\" class=\"attachment-large size-large wp-image-91\" alt=\"\" srcset=\"https:\/\/fitzelectrique.com\/wp-content\/uploads\/2024\/04\/fitz001_photo_realiste_Une_Image_de_Technologie_Moderne__Une_ph_e7b8db11-6688-47b1-b698-52ac68652d33.png 1024w, https:\/\/fitzelectrique.com\/wp-content\/uploads\/2024\/04\/fitz001_photo_realiste_Une_Image_de_Technologie_Moderne__Une_ph_e7b8db11-6688-47b1-b698-52ac68652d33-300x300.png 300w, https:\/\/fitzelectrique.com\/wp-content\/uploads\/2024\/04\/fitz001_photo_realiste_Une_Image_de_Technologie_Moderne__Une_ph_e7b8db11-6688-47b1-b698-52ac68652d33-150x150.png 150w, https:\/\/fitzelectrique.com\/wp-content\/uploads\/2024\/04\/fitz001_photo_realiste_Une_Image_de_Technologie_Moderne__Une_ph_e7b8db11-6688-47b1-b698-52ac68652d33-768x768.png 768w, https:\/\/fitzelectrique.com\/wp-content\/uploads\/2024\/04\/fitz001_photo_realiste_Une_Image_de_Technologie_Moderne__Une_ph_e7b8db11-6688-47b1-b698-52ac68652d33-600x600.png 600w\" sizes=\"(max-width: 1024px) 100vw, 1024px\" \/>\t\t\t\t\t\t\t\t\t\t\t\t\t\t\t<\/div>\n\t\t\t\t<\/div>\n\t\t\t\t<\/div>\n\t\t<div class=\"elementor-element elementor-element-8b67dd1 e-con-full e-flex e-con e-child\" data-id=\"8b67dd1\" data-element_type=\"container\" data-e-type=\"container\">\n\t\t\t\t<div class=\"elementor-element elementor-element-41d1440 elementor-widget elementor-widget-heading\" data-id=\"41d1440\" data-element_type=\"widget\" data-e-type=\"widget\" data-widget_type=\"heading.default\">\n\t\t\t\t<div class=\"elementor-widget-container\">\n\t\t\t\t\t<h2 class=\"elementor-heading-title elementor-size-default\">Bienvenue chez Fitz \u00c9lectrique, votre partenaire innovant en solutions \u00e9lectriques\n\n<\/h2>\t\t\t\t<\/div>\n\t\t\t\t<\/div>\n\t\t\t\t<div class=\"elementor-element elementor-element-903a0a8 elementor-widget elementor-widget-text-editor\" data-id=\"903a0a8\" data-element_type=\"widget\" data-e-type=\"widget\" data-widget_type=\"text-editor.default\">\n\t\t\t\t<div class=\"elementor-widget-container\">\n\t\t\t\t\t\t\t\t\t<p>Implant\u00e9e \u00e0 Saint-Constant sur la Rive-Sud de Montr\u00e9al, Fitz \u00c9lectrique incarne le renouveau dans le domaine des solutions \u00e9lectriques, offrant des services sp\u00e9cialis\u00e9s pour les secteurs commercial, r\u00e9sidentiel, agricole et industriel. Fond\u00e9e sur un socle de plus de vingt ann\u00e9es d\u2019expertise en conception, installation, et maintenance de syst\u00e8mes \u00e9lectriques, notre entreprise se distingue par sa capacit\u00e9 \u00e0 int\u00e9grer des technologies de pointe \u00e0 nos offres.<\/p><p>Nous mettons \u00e0 votre disposition notre exp\u00e9rience approfondie, acquise \u00e0 travers des ann\u00e9es de fabrication de machines et de gestion de projets \u00e9lectriques complexes, pour vous fournir des services qui allient pr\u00e9cision technique et innovation. Chez Fitz \u00c9lectrique, nous nous engageons \u00e0 d\u00e9ployer des solutions avanc\u00e9es et sur mesure qui r\u00e9pondent aux d\u00e9fis modernes de l&rsquo;\u00e9lectricit\u00e9 et contribuent \u00e0 la s\u00e9curit\u00e9 et \u00e0 la performance de vos installations.<\/p><p>Explorez avec nous les possibilit\u00e9s infinies que l&rsquo;\u00e9lectricit\u00e9 moderne peut offrir. Fitz \u00c9lectrique, synonyme de fiabilit\u00e9 et d&rsquo;avant-garde, est votre alli\u00e9 pour un avenir \u00e9nerg\u00e9tique durable et efficace.<\/p>\t\t\t\t\t\t\t\t<\/div>\n\t\t\t\t<\/div>\n\t\t\t\t<\/div>\n\t\t\t\t\t<\/div>\n\t\t\t\t<\/div>\n\t\t<div class=\"elementor-element elementor-element-3da2ad6 e-flex e-con-boxed e-con e-parent\" data-id=\"3da2ad6\" data-element_type=\"container\" data-e-type=\"container\">\n\t\t\t\t\t<div class=\"e-con-inner\">\n\t\t\t\t<div class=\"elementor-element elementor-element-f0e1a5b elementor-widget-divider--view-line elementor-widget elementor-widget-divider\" data-id=\"f0e1a5b\" data-element_type=\"widget\" data-e-type=\"widget\" data-widget_type=\"divider.default\">\n\t\t\t\t<div class=\"elementor-widget-container\">\n\t\t\t\t\t\t\t<div class=\"elementor-divider\">\n\t\t\t<span class=\"elementor-divider-separator\">\n\t\t\t\t\t\t<\/span>\n\t\t<\/div>\n\t\t\t\t\t\t<\/div>\n\t\t\t\t<\/div>\n\t\t\t\t\t<\/div>\n\t\t\t\t<\/div>\n\t\t<div class=\"elementor-element elementor-element-82fc392 e-flex e-con-boxed e-con e-parent\" data-id=\"82fc392\" data-element_type=\"container\" data-e-type=\"container\">\n\t\t\t\t\t<div class=\"e-con-inner\">\n\t\t<div class=\"elementor-element elementor-element-d895f95 e-con-full e-flex e-con e-child\" data-id=\"d895f95\" data-element_type=\"container\" data-e-type=\"container\">\n\t\t\t\t<div class=\"elementor-element elementor-element-09b6af7 elementor-widget elementor-widget-heading\" data-id=\"09b6af7\" data-element_type=\"widget\" data-e-type=\"widget\" data-widget_type=\"heading.default\">\n\t\t\t\t<div class=\"elementor-widget-container\">\n\t\t\t\t\t<h2 class=\"elementor-heading-title elementor-size-default\">Pr\u00eat \u00e0 dynamiser vos projets avec \nFitz \u00c9lectrique ?\n\n<\/h2>\t\t\t\t<\/div>\n\t\t\t\t<\/div>\n\t\t\t\t<\/div>\n\t\t<div class=\"elementor-element elementor-element-d634b96 e-con-full e-flex e-con e-child\" data-id=\"d634b96\" data-element_type=\"container\" data-e-type=\"container\">\n\t\t\t\t<div class=\"elementor-element elementor-element-c7706e7 elementor-widget elementor-widget-text-editor\" data-id=\"c7706e7\" data-element_type=\"widget\" data-e-type=\"widget\" data-widget_type=\"text-editor.default\">\n\t\t\t\t<div class=\"elementor-widget-container\">\n\t\t\t\t\t\t\t\t\t<p>Pour toute demande de soumission ou appel de service, notre \u00e9quipe d&rsquo;experts est \u00e0 votre disposition pour vous fournir des solutions sur mesure qui r\u00e9pondent pr\u00e9cis\u00e9ment \u00e0 vos besoins. Chez Fitz \u00c9lectrique, nous garantissons une approche personnalis\u00e9e et des interventions efficaces pour tous vos besoins en \u00e9lectricit\u00e9, qu&rsquo;ils soient commerciaux, r\u00e9sidentiels, agricoles ou industriels.<\/p>\n<p><strong>[Obtenir une Soumission]<\/strong> &#8211; D\u00e9couvrez nos tarifs comp\u00e9titifs et notre expertise sans compromis.<br><strong>[Demander un Service]<\/strong> &#8211; Contactez-nous d\u00e8s aujourd&rsquo;hui et b\u00e9n\u00e9ficiez d&rsquo;une intervention rapide et professionnelle.<\/p>\n<p><strong>Contactez-nous au 514-418-4812 ou via notre formulaire en ligne.<\/strong><\/p>\n<p>Votre satisfaction est notre priorit\u00e9. Avec Fitz \u00c9lectrique, avancez en toute confiance vers un avenir \u00e9nerg\u00e9tique s\u00e9curis\u00e9 et performant.<\/p>\t\t\t\t\t\t\t\t<\/div>\n\t\t\t\t<\/div>\n\t\t\t\t<\/div>\n\t\t\t\t\t<\/div>\n\t\t\t\t<\/div>\n\t\t<div class=\"elementor-element elementor-element-b6357a8 e-flex e-con-boxed e-con e-parent\" data-id=\"b6357a8\" data-element_type=\"container\" data-e-type=\"container\">\n\t\t\t\t\t<div class=\"e-con-inner\">\n\t\t\t\t<div class=\"elementor-element elementor-element-a9d46e2 elementor-align-center elementor-invisible elementor-widget elementor-widget-button\" data-id=\"a9d46e2\" data-element_type=\"widget\" data-e-type=\"widget\" data-settings=\"{&quot;_animation&quot;:&quot;fadeIn&quot;}\" data-widget_type=\"button.default\">\n\t\t\t\t<div class=\"elementor-widget-container\">\n\t\t\t\t\t\t\t\t\t<div class=\"elementor-button-wrapper\">\n\t\t\t\t\t<a class=\"elementor-button elementor-button-link elementor-size-sm\" href=\"#\">\n\t\t\t\t\t\t<span class=\"elementor-button-content-wrapper\">\n\t\t\t\t\t\t\t\t\t<span class=\"elementor-button-text\">Contactez-Nous<\/span>\n\t\t\t\t\t<\/span>\n\t\t\t\t\t<\/a>\n\t\t\t\t<\/div>\n\t\t\t\t\t\t\t\t<\/div>\n\t\t\t\t<\/div>\n\t\t\t\t\t<\/div>\n\t\t\t\t<\/div>\n\t\t\t\t<\/div>\n\t\t","protected":false},"excerpt":{"rendered":"<p>Service \u00c9lectrique Transformer l&rsquo;\u00c9nergie en Excellence avec Fitz \u00c9lectrique\u200b Optimisez vos infrastructures avec Fitz \u00c9lectrique : expertise et solutions durables. Contactez-Nous Service Industriel Fiabilit\u00e9 et Innovation pour l&rsquo;Industrie Garantissez la s\u00e9curit\u00e9 et l&rsquo;efficacit\u00e9 de vos op\u00e9rations avec nos services de maintenance pr\u00e9ventive et installations neuves, soutenus par des analyses pr\u00e9cises. Commercial Expertise \u00c9lectrique Commerciale Am\u00e9liorez [&hellip;]<\/p>\n","protected":false},"author":1,"featured_media":0,"parent":0,"menu_order":0,"comment_status":"closed","ping_status":"closed","template":"elementor_header_footer","meta":{"om_disable_all_campaigns":false,"_monsterinsights_skip_tracking":false,"_monsterinsights_sitenote_active":false,"_monsterinsights_sitenote_note":"","_monsterinsights_sitenote_category":0,"footnotes":""},"class_list":["post-17","page","type-page","status-publish","hentry","entry"],"aioseo_notices":[],"_links":{"self":[{"href":"https:\/\/fitzelectrique.com\/index.php\/wp-json\/wp\/v2\/pages\/17","targetHints":{"allow":["GET"]}}],"collection":[{"href":"https:\/\/fitzelectrique.com\/index.php\/wp-json\/wp\/v2\/pages"}],"about":[{"href":"https:\/\/fitzelectrique.com\/index.php\/wp-json\/wp\/v2\/types\/page"}],"author":[{"embeddable":true,"href":"https:\/\/fitzelectrique.com\/index.php\/wp-json\/wp\/v2\/users\/1"}],"replies":[{"embeddable":true,"href":"https:\/\/fitzelectrique.com\/index.php\/wp-json\/wp\/v2\/comments?post=17"}],"version-history":[{"count":55,"href":"https:\/\/fitzelectrique.com\/index.php\/wp-json\/wp\/v2\/pages\/17\/revisions"}],"predecessor-version":[{"id":364,"href":"https:\/\/fitzelectrique.com\/index.php\/wp-json\/wp\/v2\/pages\/17\/revisions\/364"}],"wp:attachment":[{"href":"https:\/\/fitzelectrique.com\/index.php\/wp-json\/wp\/v2\/media?parent=17"}],"curies":[{"name":"wp","href":"https:\/\/api.w.org\/{rel}","templated":true}]}}